{"id":69,"date":"2026-04-18T11:36:46","date_gmt":"2026-04-18T09:36:46","guid":{"rendered":"http:\/\/ooe.oepu.at\/?page_id=69"},"modified":"2026-04-26T17:18:37","modified_gmt":"2026-04-26T15:18:37","slug":"goed-landesleitung-und-fcg-beitritt","status":"publish","type":"page","link":"https:\/\/ooe.oepu.at\/index.php\/goed-landesleitung-und-fcg-beitritt\/","title":{"rendered":"G\u00d6D-Landesleitung und FCG-Beitritt"},"content":{"rendered":"\n<p><strong>Die St\u00e4rke einer Standesvertretung dr\u00fcckt sich auch in der Zahl ihrer Mitglieder aus.<\/strong><br><strong>Werden auch Sie Mitglied der<\/strong> <\/p>\n\n\n\n<p class=\"has-text-align-center\"><strong>G\u00d6D &#8211; Gewerkschaft \u00d6ffentlicher Dienst und ihrer<br>FCG &#8211; Fraktion Christlicher Gewerkschafter<\/strong><\/p>\n\n\n\n<p>Sie wollen Mitglied werden oder haben Fragen? Kontaktieren Sie bitte:<br><br>AHS-GEWERKSCHAFT<br>Landesleitung Ober\u00f6sterreich<br><strong>Mag. Werner Hittenberger<\/strong><\/p>\n\n\n\n<p>BRG Schloss Wagrain<br>Schlossstra\u00dfe 31<br>4048 V\u00f6cklabruck<br>Tel.:&nbsp;07672\/29308<br>E-Mail:&nbsp;<a href=\"mailto:andrea.meiser@georgvonpeuerbach.at\">w<\/a><a href=\"mailto:erner.hittenberger@my.goed.at\">erner.hittenberger@my.goed.at<\/a><\/p>\n\n\n\n<h2 class=\"wp-block-heading\">Mitglieder der Landesleistung AHS <\/h2>\n\n\n\n<figure class=\"wp-block-table is-style-stripes\" style=\"font-size:18px\"><table class=\"has-fixed-layout\"><tbody><tr><td><img loading=\"lazy\" decoding=\"async\" width=\"150\" height=\"200\" class=\"wp-image-60\" style=\"width: 150px;\" src=\"http:\/\/ooe.oepu.at\/wp-content\/uploads\/2026\/04\/20240429-Werner-Hittenberger.jpg\" alt=\"Werner Hittenberger\"><\/td><td>Mag. <br>Werner<br><strong>HITTENBERGER<\/strong> FCG<\/td><td><strong>Vorsitzender<\/strong> <strong>Rechtsschutz<\/strong> <a href=\"mailto:werner.hittenberger@my.goed.at\">werner.hittenberger@my.goed.at<\/a><\/td><td>BRG Schloss Wagrain<br>Schlossstr. 31, <br>4840 V\u00f6cklabruck <br>Tel. 07672\/29308<\/td><\/tr><tr><td><img loading=\"lazy\" decoding=\"async\" width=\"150\" height=\"225\" class=\"wp-image-114\" style=\"width: 150px;\" src=\"http:\/\/ooe.oepu.at\/wp-content\/uploads\/2026\/04\/Iris-Fries-komp-scaled.jpg\" alt=\"Iris Fries\" srcset=\"https:\/\/ooe.oepu.at\/wp-content\/uploads\/2026\/04\/Iris-Fries-komp-scaled.jpg 1703w, https:\/\/ooe.oepu.at\/wp-content\/uploads\/2026\/04\/Iris-Fries-komp-200x300.jpg 200w, https:\/\/ooe.oepu.at\/wp-content\/uploads\/2026\/04\/Iris-Fries-komp-681x1024.jpg 681w, https:\/\/ooe.oepu.at\/wp-content\/uploads\/2026\/04\/Iris-Fries-komp-768x1154.jpg 768w, https:\/\/ooe.oepu.at\/wp-content\/uploads\/2026\/04\/Iris-Fries-komp-1022x1536.jpg 1022w, https:\/\/ooe.oepu.at\/wp-content\/uploads\/2026\/04\/Iris-Fries-komp-1362x2048.jpg 1362w\" sizes=\"auto, (max-width: 150px) 100vw, 150px\" \/><\/td><td>Mag. <br>Iris<br><strong>FRIES<\/strong> FCG<\/td><td><strong>1. Vorsitzender-Stellvertreterin<\/strong> <strong>Finanzen, Junglehrer Referentin<\/strong> <a href=\"mailto:iris.fries@bildung.gv.at\">iris.fries@bildung.gv.at<\/a><\/td><td>BRG <br>Fadingerstra\u00dfe 4<br>4020 Linz <br>Tel. 0732\/778170-12<\/td><\/tr><tr><td><img loading=\"lazy\" decoding=\"async\" width=\"150\" height=\"200\" class=\"wp-image-56\" style=\"width: 150px;\" src=\"http:\/\/ooe.oepu.at\/wp-content\/uploads\/2026\/04\/20250202-Andrea_Meiser_.jpg\" alt=\"Andrea Meiser\"><\/td><td>Mag. <br>Andrea<br><strong>MEISER<\/strong> FCG<\/td><td><strong>2. Vorsitzender-Stellvertreterin<\/strong> <strong>Frauenreferat<\/strong> <a href=\"mailto:andrea.meiser@my.goed.at\">andrea.meiser@my.goed.at<\/a><\/td><td>Georg v. Peuerbach Gymnasium<br>Peuerbachstra\u00dfe 35<br>4040 Linz <br>Tel. 0732\/732614-17<\/td><\/tr><tr><td><img loading=\"lazy\" decoding=\"async\" width=\"150\" height=\"212\" class=\"wp-image-119\" style=\"width: 150px;\" src=\"http:\/\/ooe.oepu.at\/wp-content\/uploads\/2026\/04\/Alexander-Schober.jpg\" alt=\"Alexander Schober\" srcset=\"https:\/\/ooe.oepu.at\/wp-content\/uploads\/2026\/04\/Alexander-Schober.jpg 990w, https:\/\/ooe.oepu.at\/wp-content\/uploads\/2026\/04\/Alexander-Schober-212x300.jpg 212w, https:\/\/ooe.oepu.at\/wp-content\/uploads\/2026\/04\/Alexander-Schober-724x1024.jpg 724w, https:\/\/ooe.oepu.at\/wp-content\/uploads\/2026\/04\/Alexander-Schober-768x1087.jpg 768w\" sizes=\"auto, (max-width: 150px) 100vw, 150px\" \/><\/td><td>Mag. <br>Alexander <br><strong>Schober<\/strong> FCG<\/td><td><strong>Schriftf\u00fchrer<\/strong> <a href=\"mailto:schober.alexander@rglambach.at\">schober.alexander@rglambach.at<\/a><\/td><td>RG Lambach <br>Klosterplatz 1<br>4650 Lambach <br>Tel.: 07245\/21710-601<\/td><\/tr><tr><td><img loading=\"lazy\" decoding=\"async\" width=\"150\" height=\"225\" class=\"wp-image-115\" style=\"width: 150px;\" src=\"http:\/\/ooe.oepu.at\/wp-content\/uploads\/2026\/04\/Pascal-Barbl_11zon-scaled.jpg\" alt=\"Pascal Barbl\" srcset=\"https:\/\/ooe.oepu.at\/wp-content\/uploads\/2026\/04\/Pascal-Barbl_11zon-scaled.jpg 1703w, https:\/\/ooe.oepu.at\/wp-content\/uploads\/2026\/04\/Pascal-Barbl_11zon-200x300.jpg 200w, https:\/\/ooe.oepu.at\/wp-content\/uploads\/2026\/04\/Pascal-Barbl_11zon-681x1024.jpg 681w, https:\/\/ooe.oepu.at\/wp-content\/uploads\/2026\/04\/Pascal-Barbl_11zon-768x1154.jpg 768w, https:\/\/ooe.oepu.at\/wp-content\/uploads\/2026\/04\/Pascal-Barbl_11zon-1022x1536.jpg 1022w, https:\/\/ooe.oepu.at\/wp-content\/uploads\/2026\/04\/Pascal-Barbl_11zon-1363x2048.jpg 1363w\" sizes=\"auto, (max-width: 150px) 100vw, 150px\" \/><\/td><td>Mag. <br>Pascal <br><strong>BARBL<\/strong> FCG<\/td><td><strong>Serviceleistungen<\/strong> <a href=\"mailto:pascal.barbl@my.goed.at\">pascal.barbl@my.goed.at<\/a><\/td><td>BORG Linz <br>Honauerstra\u00dfe 24<br>4020 Linz <br>Tel.: 0732\/776111<\/td><\/tr><tr><td><img loading=\"lazy\" decoding=\"async\" width=\"150\" height=\"225\" class=\"wp-image-118\" style=\"width: 150px;\" src=\"http:\/\/ooe.oepu.at\/wp-content\/uploads\/2026\/04\/Andreas-Egger-komp-scaled.jpg\" alt=\"Andreas Egger\" srcset=\"https:\/\/ooe.oepu.at\/wp-content\/uploads\/2026\/04\/Andreas-Egger-komp-scaled.jpg 1703w, https:\/\/ooe.oepu.at\/wp-content\/uploads\/2026\/04\/Andreas-Egger-komp-200x300.jpg 200w, https:\/\/ooe.oepu.at\/wp-content\/uploads\/2026\/04\/Andreas-Egger-komp-681x1024.jpg 681w, https:\/\/ooe.oepu.at\/wp-content\/uploads\/2026\/04\/Andreas-Egger-komp-768x1154.jpg 768w, https:\/\/ooe.oepu.at\/wp-content\/uploads\/2026\/04\/Andreas-Egger-komp-1022x1536.jpg 1022w, https:\/\/ooe.oepu.at\/wp-content\/uploads\/2026\/04\/Andreas-Egger-komp-1363x2048.jpg 1363w\" sizes=\"auto, (max-width: 150px) 100vw, 150px\" \/><\/td><td>Mag. <br>Andreas <br><strong>EGGER<\/strong> FCG<\/td><td><strong>Schulrecht<\/strong> <a href=\"mailto:andreas.egger@schlosswagrain.at\">andreas.egger@schlosswagrain.at<\/a><\/td><td>BG\/ WRG<br>K\u00f6rnerstra\u00dfe 9<br>4020 Linz <br>Tel.: 0732\/774252<\/td><\/tr><tr><td><img loading=\"lazy\" decoding=\"async\" width=\"150\" height=\"225\" class=\"wp-image-117\" style=\"width: 150px;\" src=\"http:\/\/ooe.oepu.at\/wp-content\/uploads\/2026\/04\/Bernhard-Engl-komp-scaled.jpg\" alt=\"Bernhard Engl\" srcset=\"https:\/\/ooe.oepu.at\/wp-content\/uploads\/2026\/04\/Bernhard-Engl-komp-scaled.jpg 1707w, https:\/\/ooe.oepu.at\/wp-content\/uploads\/2026\/04\/Bernhard-Engl-komp-200x300.jpg 200w, https:\/\/ooe.oepu.at\/wp-content\/uploads\/2026\/04\/Bernhard-Engl-komp-683x1024.jpg 683w, https:\/\/ooe.oepu.at\/wp-content\/uploads\/2026\/04\/Bernhard-Engl-komp-768x1152.jpg 768w, https:\/\/ooe.oepu.at\/wp-content\/uploads\/2026\/04\/Bernhard-Engl-komp-1024x1536.jpg 1024w, https:\/\/ooe.oepu.at\/wp-content\/uploads\/2026\/04\/Bernhard-Engl-komp-1365x2048.jpg 1365w\" sizes=\"auto, (max-width: 150px) 100vw, 150px\" \/><\/td><td>Mag. <br>Bernhard<br><strong>ENGL<\/strong> FCG<\/td><td><strong>Pensionsrecht und Organisation<\/strong> <a href=\"mailto:bernhard.engl@my.goed.at\">bernhard.engl@my.goed.at<\/a><\/td><td>BG\/BRG Bad Ischl<br>Grazerstra\u00dfe 27<br>4820 Bad Ischl <br>Tel.: 06132\/23493<\/td><\/tr><tr><td><img loading=\"lazy\" decoding=\"async\" width=\"150\" height=\"200\" class=\"wp-image-61\" style=\"width: 150px;\" src=\"http:\/\/ooe.oepu.at\/wp-content\/uploads\/2026\/04\/20240506-Matthias-Kritzinger_01.jpg\" alt=\"Matthias Kritzinger\"><\/td><td>Mag. <br>Matthias<br><strong>Kritzinger<\/strong> FCG<\/td><td><strong>Personalvertretungsrecht<\/strong> <a href=\"mailto:matthias.kritzinger@bildung.gv.at\">matthias.kritzinger@bildung.gv.at<\/a><\/td><td>BG\/BRG Braunau <br>Trentinerplatz 1<br>5280 Braunau <br>Tel.: 07722\/63023<\/td><\/tr><tr><td><img loading=\"lazy\" decoding=\"async\" width=\"150\" height=\"225\" class=\"wp-image-120\" style=\"width: 150px;\" src=\"http:\/\/ooe.oepu.at\/wp-content\/uploads\/2026\/04\/Meinhard-Moestl-komp-scaled.jpg\" alt=\"Meinhard Mo\u0308stl\" srcset=\"https:\/\/ooe.oepu.at\/wp-content\/uploads\/2026\/04\/Meinhard-Moestl-komp-scaled.jpg 1704w, https:\/\/ooe.oepu.at\/wp-content\/uploads\/2026\/04\/Meinhard-Moestl-komp-200x300.jpg 200w, https:\/\/ooe.oepu.at\/wp-content\/uploads\/2026\/04\/Meinhard-Moestl-komp-681x1024.jpg 681w, https:\/\/ooe.oepu.at\/wp-content\/uploads\/2026\/04\/Meinhard-Moestl-komp-768x1154.jpg 768w, https:\/\/ooe.oepu.at\/wp-content\/uploads\/2026\/04\/Meinhard-Moestl-komp-1022x1536.jpg 1022w, https:\/\/ooe.oepu.at\/wp-content\/uploads\/2026\/04\/Meinhard-Moestl-komp-1363x2048.jpg 1363w\" sizes=\"auto, (max-width: 150px) 100vw, 150px\" \/><\/td><td>Mag. <br>Meinhard <br><strong>M\u00d6STL<\/strong> FCG<\/td><td><strong>Dienstrecht<\/strong> <a href=\"mailto:meinhard.moestl@my.goed.at\">meinhard.moestl@my.goed.at<\/a><\/td><td>Khevenh\u00fcller Gymnasium Linz Khevenh\u00fcllerstra\u00dfe 1<br>4020 Linz <br>Tel: 0732\/667279<\/td><\/tr><tr><td><img loading=\"lazy\" decoding=\"async\" width=\"150\" height=\"225\" class=\"wp-image-113\" style=\"width: 150px;\" src=\"http:\/\/ooe.oepu.at\/wp-content\/uploads\/2026\/04\/Pauline-Thanhofer-komp-scaled.jpg\" alt=\"Pauline Thanhofer\" srcset=\"https:\/\/ooe.oepu.at\/wp-content\/uploads\/2026\/04\/Pauline-Thanhofer-komp-scaled.jpg 1703w, https:\/\/ooe.oepu.at\/wp-content\/uploads\/2026\/04\/Pauline-Thanhofer-komp-200x300.jpg 200w, https:\/\/ooe.oepu.at\/wp-content\/uploads\/2026\/04\/Pauline-Thanhofer-komp-681x1024.jpg 681w, https:\/\/ooe.oepu.at\/wp-content\/uploads\/2026\/04\/Pauline-Thanhofer-komp-768x1154.jpg 768w, https:\/\/ooe.oepu.at\/wp-content\/uploads\/2026\/04\/Pauline-Thanhofer-komp-1022x1536.jpg 1022w, https:\/\/ooe.oepu.at\/wp-content\/uploads\/2026\/04\/Pauline-Thanhofer-komp-1362x2048.jpg 1362w\" sizes=\"auto, (max-width: 150px) 100vw, 150px\" \/><\/td><td>Mag. <br>Pauline<br><strong>THANHOFER<\/strong> FCG<\/td><td><strong>Besoldung<\/strong> <a href=\"mailto:pauline.thanhofer@bildung.gv.at\">pauline.thanhofer@bildung.gv.at<\/a><\/td><td>BG\/BRG Wels <br>Schauer-Stra\u00dfe 9<br>4600 Wels <br>Tel.: 07242\/45061<\/td><\/tr><\/tbody><\/table><\/figure>\n\n\n\n<p><\/p>\n","protected":false},"excerpt":{"rendered":"<p>Die St\u00e4rke einer Standesvertretung dr\u00fcckt sich auch in der Zahl ihrer Mitglieder aus.Werden auch Sie Mitglied der G\u00d6D &#8211; Gewerkschaft<\/p>\n","protected":false},"author":1,"featured_media":0,"parent":0,"menu_order":0,"comment_status":"closed","ping_status":"closed","template":"","meta":{"footnotes":""},"class_list":["post-69","page","type-page","status-publish","hentry"],"_links":{"self":[{"href":"https:\/\/ooe.oepu.at\/index.php\/wp-json\/wp\/v2\/pages\/69","targetHints":{"allow":["GET"]}}],"collection":[{"href":"https:\/\/ooe.oepu.at\/index.php\/wp-json\/wp\/v2\/pages"}],"about":[{"href":"https:\/\/ooe.oepu.at\/index.php\/wp-json\/wp\/v2\/types\/page"}],"author":[{"embeddable":true,"href":"https:\/\/ooe.oepu.at\/index.php\/wp-json\/wp\/v2\/users\/1"}],"replies":[{"embeddable":true,"href":"https:\/\/ooe.oepu.at\/index.php\/wp-json\/wp\/v2\/comments?post=69"}],"version-history":[{"count":14,"href":"https:\/\/ooe.oepu.at\/index.php\/wp-json\/wp\/v2\/pages\/69\/revisions"}],"predecessor-version":[{"id":136,"href":"https:\/\/ooe.oepu.at\/index.php\/wp-json\/wp\/v2\/pages\/69\/revisions\/136"}],"wp:attachment":[{"href":"https:\/\/ooe.oepu.at\/index.php\/wp-json\/wp\/v2\/media?parent=69"}],"curies":[{"name":"wp","href":"https:\/\/api.w.org\/{rel}","templated":true}]}}